{"id":246,"date":"2025-07-01T11:02:42","date_gmt":"2025-07-01T10:02:42","guid":{"rendered":"https:\/\/www.fupocan.org\/?page_id=246"},"modified":"2025-07-01T11:17:41","modified_gmt":"2025-07-01T10:17:41","slug":"preceptorship-analisis-de-genes-hrr-en-cancer-de-prostata-mediante-ngs","status":"publish","type":"page","link":"https:\/\/www.fupocan.org\/?page_id=246","title":{"rendered":"Preceptorship: An\u00e1lisis de Genes HRR en C\u00e1ncer de Pr\u00f3stata mediante NGS"},"content":{"rendered":"<h1 style=\"color:#E01484; text-transform: uppercase\">Preceptorship<br \/><b>An\u00e1lisis de Genes HRR en C\u00e1ncer de Pr\u00f3stata mediante NGS<\/b><\/h1>\r\n\r\n<p>Programa de duraci\u00f3n de un solo d\u00eda, con repetici\u00f3n de las sesiones durante tres d\u00edas consecutivos.<\/p>\r\n\r\n<p>Se celebrar\u00e1 en la sede de Anatom\u00eda Patol\u00f3gica del Hospital Universitario Marqu\u00e9s de Valdecilla<\/p>\r\n\r\n<div class=\"uk-grid\">\r\n\r\n<div class=\"uk-width-1-2\">\r\n<b>Horarios<\/b><br \/>\r\nMa\u00f1anas: 10:00 \u2013 13:00 h<br \/>\r\nTardes: 14:30 \u2013 18:00 h\r\n<\/div>\r\n\r\n<div class=\"uk-width-1-2\">\r\n<b>Dirigido a<\/b><br \/>\r\nPersonal sanitario, especialmente Bi\u00f3logos moleculares y pat\u00f3logos.\r\n<\/div>\r\n\r\n<\/div>\r\n\r\n\r\n\r\n\r\n<h2 style=\"color:#E01484; text-transform: uppercase\">PROGRAMA<\/h2>\r\n\r\n<img decoding=\"async\" src=\"https:\/\/www.fupocan.org\/wp-content\/uploads\/2025programapfizer.png\" alt=\"\" width=\"100%\" \/>\r\n\r\n<br \/><br \/>\r\n\r\n<div class=\"uk-grid\">\r\n\r\n<div class=\"uk-width-1-2\">\r\n<a href=\"https:\/\/www.fupocan.org\/wp-content\/uploads\/PROGRAMA-PRECEPTORSHIP.pdf\"><h3 style=\"color:#E01484; text-transform: uppercase\">Programa en pdf<\/h3>\r\n\r\n<img decoding=\"async\" src=\"https:\/\/www.fupocan.org\/wp-content\/uploads\/favicon.png\" \/><\/a>\r\n<\/div>\r\n<div class=\"uk-width-1-2\">\r\n<h3 style=\"color:#E01484; text-transform: uppercase\">Con el apoyo financiero de <\/h3>\r\n\r\n<img decoding=\"async\" src=\"https:\/\/www.fupocan.org\/wp-content\/uploads\/pfizer-5f7acd2da1747cdee17856257e587976.png\" width=\"200\" \/>\r\n<\/div>\r\n\r\n<\/div>\r\n","protected":false},"excerpt":{"rendered":"<p>PreceptorshipAn\u00e1lisis de Genes HRR en C\u00e1ncer de Pr\u00f3stata mediante NGS Programa de duraci\u00f3n de un solo d\u00eda, con repetici\u00f3n de las sesiones durante tres d\u00edas consecutivos. Se celebrar\u00e1 en la sede de Anatom\u00eda Patol\u00f3gica del Hospital Universitario Marqu\u00e9s de Valdecilla Horarios Ma\u00f1anas: 10:00 \u2013 13:00 h Tardes: 14:30 \u2013 18:00 h Dirigido a Personal sanitario, [&hellip;]<\/p>\n","protected":false},"author":1,"featured_media":0,"parent":0,"menu_order":0,"comment_status":"closed","ping_status":"closed","template":"","meta":{"footnotes":""},"class_list":["post-246","page","type-page","status-publish","hentry"],"_links":{"self":[{"href":"https:\/\/www.fupocan.org\/index.php?rest_route=\/wp\/v2\/pages\/246","targetHints":{"allow":["GET"]}}],"collection":[{"href":"https:\/\/www.fupocan.org\/index.php?rest_route=\/wp\/v2\/pages"}],"about":[{"href":"https:\/\/www.fupocan.org\/index.php?rest_route=\/wp\/v2\/types\/page"}],"author":[{"embeddable":true,"href":"https:\/\/www.fupocan.org\/index.php?rest_route=\/wp\/v2\/users\/1"}],"replies":[{"embeddable":true,"href":"https:\/\/www.fupocan.org\/index.php?rest_route=%2Fwp%2Fv2%2Fcomments&post=246"}],"version-history":[{"count":13,"href":"https:\/\/www.fupocan.org\/index.php?rest_route=\/wp\/v2\/pages\/246\/revisions"}],"predecessor-version":[{"id":262,"href":"https:\/\/www.fupocan.org\/index.php?rest_route=\/wp\/v2\/pages\/246\/revisions\/262"}],"wp:attachment":[{"href":"https:\/\/www.fupocan.org\/index.php?rest_route=%2Fwp%2Fv2%2Fmedia&parent=246"}],"curies":[{"name":"wp","href":"https:\/\/api.w.org\/{rel}","templated":true}]}}